{"id":8,"date":"2023-12-05T16:23:39","date_gmt":"2023-12-05T19:23:39","guid":{"rendered":"https:\/\/xiisiget.gtgeneros.com.br\/?page_id=8"},"modified":"2024-10-14T09:47:45","modified_gmt":"2024-10-14T12:47:45","slug":"evento","status":"publish","type":"page","link":"https:\/\/xiisiget.gtgeneros.com.br\/es\/evento\/","title":{"rendered":"El evento"},"content":{"rendered":"\n<h4 class=\"wp-block-heading\"><strong><mark style=\"background-color:rgba(0, 0, 0, 0)\" class=\"has-inline-color has-accent-3-color\">ATIVIDADES DO CONGRESSO, DATAS IMPORTANTES E FORMAS DE PARTICIPA\u00c7\u00c3O<\/mark><\/strong><\/h4>\n\n\n\n<p><\/p>\n\n\n\n<p>Al\u00e9m das confer\u00eancias, o evento ser\u00e1 composto de minicursos, mesas-redondas e simp\u00f3sios tem\u00e1ticos, distribu\u00eddos da seguinte forma:<\/p>\n\n\n\n<p><em>Link<\/em> para inscri\u00e7\u00f5es: <a href=\"https:\/\/www.siget2024.eventos.dype.com.br\/inscricoes\/capa\">https:\/\/www.siget2024.eventos.dype.com.br\/inscricoes\/capa<\/a><\/p>\n\n\n\n<p><strong>Minicursos<\/strong>: Ministrados por pesquisadores nacionais e internacionais convidados.<\/p>\n\n\n\n<ul class=\"wp-block-list\">\n<li><a href=\"https:\/\/www.siget2024.eventos.dype.com.br\/atividade\/hub\/mcs\" target=\"_blank\" rel=\"noreferrer noopener\">Lista de minicursos para inscri\u00e7\u00e3o (apenas para o participantes do XII SIGET j\u00e1 inscritos)<\/a> <\/li>\n\n\n\n<li><strong>As inscri\u00e7\u00f5es nos minicursos estar\u00e3o abertas at\u00e9 o dia 18\/10, no limite das vagas para cada minicurso e apenas para os participantes efetivamente inscritos no XII SIGET<\/strong>.<\/li>\n<\/ul>\n\n\n\n<p><strong>Mesas-redondas<\/strong>: Compostas por pesquisadores nacionais e internacionais convidados para discutir a tem\u00e1tica central do SIGET.<\/p>\n\n\n\n<p><strong>Simp\u00f3sios Tem\u00e1ticos<\/strong>: Os simp\u00f3sios dever\u00e3o ser coordenados por dois ou tr\u00eas pesquisadores doutores de at\u00e9 tr\u00eas institui\u00e7\u00f5es diferentes. Os coordenadores t\u00eam a fun\u00e7\u00e3o de avaliar todos os resumos submetidos, organizar e promover o debate nas sess\u00f5es. Cada sess\u00e3o, incluindo a de apresenta\u00e7\u00e3o de p\u00f4steres, ter\u00e1 a dura\u00e7\u00e3o de at\u00e9  3 horas. <\/p>\n\n\n\n<p><\/p>\n\n\n\n<p class=\"has-text-align-center\"><strong><mark style=\"background-color:#d8613c\" class=\"has-inline-color\">NORMAS PARA SUBMISS\u00c3O DE TRABALHOS<\/mark><\/strong><\/p>\n\n\n\n<p class=\"has-text-align-center\"><strong><mark style=\"background-color:#d8613c\" class=\"has-inline-color\">AOS SIMP\u00d3SIOS TEM\u00c1TICOS (ST) APROVADOS<\/mark><\/strong><\/p>\n\n\n\n<p class=\"has-text-align-center\"><strong><mark style=\"background-color:rgba(0, 0, 0, 0)\" class=\"has-inline-color has-accent-3-color\">Os interessados poder\u00e3o submeter propostas de Comunica\u00e7\u00e3o Oral e P\u00f4steres nos Simp\u00f3sios Tem\u00e1ticos.<\/mark><\/strong><\/p>\n\n\n\n<p><strong><mark style=\"background-color:rgba(0, 0, 0, 0)\" class=\"has-inline-color has-accent-3-color\">Submiss\u00e3o de Comunica\u00e7\u00e3o Oral<\/mark><\/strong><\/p>\n\n\n\n<p>Poder\u00e3o se inscrever nos Simp\u00f3sios Tem\u00e1ticos, com apresenta\u00e7\u00e3o de comunica\u00e7\u00e3o oral, mestrandos, mestres, doutorandos, doutores e professores da educa\u00e7\u00e3o b\u00e1sica.<\/p>\n\n\n\n<p>Cada participante poder\u00e1 submeter de um a dois resumos.<\/p>\n\n\n\n<p>As comunica\u00e7\u00f5es orais poder\u00e3o ter, no m\u00e1ximo, um autor e tr\u00eas coautores.<\/p>\n\n\n\n<p><br><strong><mark style=\"background-color:rgba(0, 0, 0, 0)\" class=\"has-inline-color has-accent-3-color\">Submiss\u00e3o de P\u00f4ster<\/mark><\/strong> <strong><mark style=\"background-color:rgba(0, 0, 0, 0)\" class=\"has-inline-color has-accent-3-color\">(em formato digital)<\/mark><\/strong><\/p>\n\n\n\n<p>Poder\u00e3o se inscrever nos Simp\u00f3sios Tem\u00e1ticos, com apresenta\u00e7\u00e3o de p\u00f4steres, alunos da gradua\u00e7\u00e3o ou da educa\u00e7\u00e3o b\u00e1sica, desde que vinculados a projetos de inicia\u00e7\u00e3o cient\u00edfica e em coautoria com o professor-orientador.<\/p>\n\n\n\n<p>Cada participante poder\u00e1 submeter de um a dois resumos.<\/p>\n\n\n\n<p>Os p\u00f4steres poder\u00e3o ter, no m\u00e1ximo, um autor e um coautor.<\/p>\n\n\n\n<p>Os p\u00f4steres ser\u00e3o apresentados <strong>em formato digital<\/strong>, dentro das sess\u00f5es do respectivo Simp\u00f3sio Tem\u00e1tico para o qual foram aprovados.\u00a0 O tempo previsto para essa apresenta\u00e7\u00e3o n\u00e3o dever\u00e1 ultrapassar 10 minutos.<\/p>\n\n\n\n<p>Como estrutura do <strong>material digital<\/strong> que guiar\u00e1 a apresenta\u00e7\u00e3o, sugerimos: t\u00edtulo do trabalho; autor(es); orientador(a) e respectivas filia\u00e7\u00f5es institucionais; ag\u00eancia financiadora (se houver); introdu\u00e7\u00e3o; objetivo(s); metodologia; resultados; refer\u00eancias.<\/p>\n\n\n\n<p><br><strong><mark style=\"background-color:rgba(0, 0, 0, 0)\" class=\"has-inline-color has-accent-3-color\">Inscri\u00e7\u00f5es de trabalho em coautoria<\/mark><\/strong><\/p>\n\n\n\n<p>Para submeter trabalho, ser\u00e1 necess\u00e1rio, antes, fazer a inscri\u00e7\u00e3o no XII SIGET. A submiss\u00e3o do resumo poder\u00e1 ser feita no ato da inscri\u00e7\u00e3o ou, posteriormente, na sua \u00e1rea de inscrito, respeitada a data-limite para essa a\u00e7\u00e3o: <s><strong>15\/05\/2024<\/strong>.<\/s> <strong>23\/05\/24.<\/strong><\/p>\n\n\n\n<p>Ap\u00f3s finalizar a submiss\u00e3o, o trabalho receber\u00e1 um c\u00f3digo, o qual dever\u00e1 ser repassado pelo respons\u00e1vel pela submiss\u00e3o a seu(s) coautor(es), em caso de trabalho em coautoria.<br>Em seguida, os coautores dever\u00e3o realizar sua inscri\u00e7\u00e3o e optar por n\u00e3o incluir trabalho. Ap\u00f3s a inscri\u00e7\u00e3o ser efetivada, o coautor dever\u00e1 retornar \u00e0 sua \u00e1rea de inscrito, clicar em \u201cInscrever-se como coautor de trabalho\u201d e inserir o c\u00f3digo do trabalho.<\/p>\n\n\n\n<p>A inscri\u00e7\u00e3o como coautor de um trabalho poder\u00e1 ser realizada somente no per\u00edodo de submiss\u00e3o de propostas: <strong>at\u00e9 <s>15\/05\/2024<\/s><\/strong>. <strong>23\/05\/24.<\/strong><\/p>\n\n\n\n<p><strong><mark style=\"background-color:rgba(0, 0, 0, 0)\" class=\"has-inline-color has-accent-3-color\">Normas de formata\u00e7\u00e3o dos resumos:<\/mark><\/strong><\/p>\n\n\n\n<p>Todos os resumos, na modalidade de comunica\u00e7\u00e3o oral ou p\u00f4ster, devem seguir as seguintes orienta\u00e7\u00f5es:<\/p>\n\n\n\n<ul class=\"wp-block-list\">\n<li>Indica\u00e7\u00e3o do Simp\u00f3sio Tem\u00e1tico;<\/li>\n\n\n\n<li>T\u00edtulo do trabalho;<\/li>\n\n\n\n<li>Indica\u00e7\u00e3o de coautores\/as, se houver. Todos\/as autores\/as do trabalho dever\u00e3o ter realizado inscri\u00e7\u00e3o no evento, inclusive os\/as coautores\/as que n\u00e3o ir\u00e3o participar do evento. Apenas um dos autores dever\u00e1 submeter o resumo;<\/li>\n\n\n\n<li>Resumo: com o m\u00ednimo de 150 (cento e cinquenta) e o m\u00e1ximo de 300 (trezentas) palavras, contendo apresenta\u00e7\u00e3o de objetivos, pressupostos te\u00f3ricos, metodologia e resultados do trabalho;<\/li>\n\n\n\n<li><strong>OBS. 1:<\/strong> men\u00e7\u00e3o a apoio de ag\u00eancia de fomento, quando for o caso, deve vir ao final do resumo, entre par\u00eanteses, sem refer\u00eancia ao(s) nome(s) do(s) autor(es). Exemplo: (Apoio: CNPq &#8211; Processo 0000-000000-0).<\/li>\n\n\n\n<li>Palavras-chave: apresenta\u00e7\u00e3o de 3 (tr\u00eas) a 5 (cinco) palavras-chave.<br><br><strong><mark style=\"background-color:rgba(0, 0, 0, 0)\" class=\"has-inline-color has-accent-3-color\">OBS. 2: o resumo poder\u00e1 ser submetido em portugu\u00eas, espanhol, franc\u00eas ou ingl\u00eas.<\/mark><\/strong><\/li>\n<\/ul>\n\n\n\n<p class=\"has-text-align-center\"><mark style=\"background-color:#b1c5a4\" class=\"has-inline-color\"><strong>VEJA A LISTA COMPLETA DE SIMP\u00d3SIOS TEM\u00c1TICOS APROVADOS:<\/strong>  <\/mark><a href=\"https:\/\/xiisiget.gtgeneros.com.br\">https:\/\/xiisiget.gtgeneros.com.br<\/a><\/p>\n\n\n\n<p class=\"has-text-align-center\"><strong><mark style=\"background-color:#d8613c\" class=\"has-inline-color\">INFORMA\u00c7\u00d5ES ADICIONAIS<\/mark><\/strong><\/p>\n\n\n\n<p>O\/a proponente n\u00e3o precisa realizar o pagamento da taxa de inscri\u00e7\u00e3o para submeter o trabalho. O pagamento dever\u00e1 ser efetuado apenas nas datas previstas no cronograma do evento. O pagamento da taxa de inscri\u00e7\u00e3o dos trabalhos aprovados ser\u00e1 exigido dos proponentes para que o trabalho conste na programa\u00e7\u00e3o e para que seja emitido o certificado.<\/p>\n\n\n\n<p><strong>DATAS IMPORTANTES<\/strong><\/p>\n\n\n\n<p>Per\u00edodo de inscri\u00e7\u00e3o nos Simp\u00f3sios Tem\u00e1ticos (comunica\u00e7\u00e3o e p\u00f4ster): <strong>de 15\/04\/2024 a <kbd><s>15\/05\/2024<\/s><\/kbd><\/strong> <strong>23\/05\/24.<\/strong><\/p>\n\n\n\n<p>(Obs.: somente poder\u00e3o ser realizados os Simp\u00f3sios Tem\u00e1ticos que receberem e aceitarem, no m\u00ednimo, 5 trabalhos.)<\/p>\n\n\n\n<p>Envio das cartas de aceite aos trabalhos submetidos aos Simp\u00f3sios<strong>: at\u00e9 17\/06\/2024.<\/strong><\/p>\n\n\n\n<p>Per\u00edodo de pagamento das inscri\u00e7\u00f5es: <strong>de<\/strong> <strong>04\/07\/2024 a <s>30\/09\/2024  <\/s><mark style=\"background-color:#d8613c\" class=\"has-inline-color\">07\/10\/24.<\/mark><\/strong><\/p>\n\n\n\n<p>Per\u00edodo para inscri\u00e7\u00e3o sem apresenta\u00e7\u00e3o de trabalho: <strong>de 04\/07\/2024 a 27\/09\/2024.<\/strong> <mark style=\"background-color:#d8613c\" class=\"has-inline-color\">[INSCRI\u00c7\u00d5ES ENCERRADAS.]<\/mark><\/p>\n\n\n\n<p>Per\u00edodo de inscri\u00e7\u00e3o em Minicurso (para os inscritos com ou sem apresenta\u00e7\u00e3o de trabalho): <strong><s>30\/06\/2024 a 28\/09\/2024<\/s>.<\/strong> <strong><mark style=\"background-color:#d8613c\" class=\"has-inline-color\">10\/08\/2024 a 28\/09\/2024 (vagas limitadas).<\/mark><\/strong><\/p>\n\n\n\n<p>(Obs.: a rela\u00e7\u00e3o de minicursos ser\u00e1 divulgada <strong><mark style=\"background-color:rgba(0, 0, 0, 0)\" class=\"has-inline-color has-accent-3-color\">at\u00e9 9 de agosto<\/mark><\/strong>, no <em>site<\/em> do evento: https:\/\/xiisiget.gtgeneros.com.br\/)<\/p>\n\n\n\n<p><mark style=\"background-color:#d8613c\" class=\"has-inline-color has-contrast-color\"><strong>FORMATO DO EVENTO<\/strong>: <strong>presencial<\/strong><\/mark><\/p>\n\n\n\n<p><mark style=\"background-color:#d8613c\" class=\"has-inline-color\"><strong>OBS.<\/strong>:<\/mark> Excepcionalmente, a Comiss\u00e3o Organizadora permitir\u00e1 a realiza\u00e7\u00e3o de <strong>Simp\u00f3sios Tem\u00e1ticos h\u00edbridos propostos por pesquisadores estrangeiros ou em colabora\u00e7\u00e3o com pesquisador(es) estrangeiro(s)<\/strong>, desde que pelo menos um dos coordenadores do Simp\u00f3sio esteja presente no local do evento e que haja comunica\u00e7\u00f5es inscritas e aprovadas no Simp\u00f3sio, apresentadas presencialmente. Caber\u00e1 aos coordenadores do ST definirem quais ser\u00e3o as apresenta\u00e7\u00f5es por videoconfer\u00eancia, todas elas devidamente inscritas e aprovadas.<\/p>\n\n\n\n<p><em>Link<\/em> para acesso aos Simp\u00f3sios Tem\u00e1ticos: <a href=\"https:\/\/www.siget2024.eventos.dype.com.br\/conteudo\/view?ID_CONTEUDO=622\">https:\/\/www.siget2024.eventos.dype.com.br\/conteudo\/view?ID_CONTEUDO=622<\/a><\/p>\n\n\n\n<div class=\"wp-block-group alignfull has-global-padding is-layout-constrained wp-container-core-group-is-layout-d89aad35 wp-block-group-is-layout-constrained\" style=\"margin-top:0;margin-bottom:0;padding-top:var(--wp--preset--spacing--50);padding-right:var(--wp--preset--spacing--50);padding-bottom:var(--wp--preset--spacing--50);padding-left:var(--wp--preset--spacing--50)\">\n<h3 class=\"wp-block-heading has-text-align-center is-style-default\"><strong>No XII SIGET, o tema norteador se desdobra em quatorze outros subtemas<\/strong><\/h3>\n\n\n\n<div class=\"wp-block-group alignwide has-global-padding is-layout-constrained wp-container-core-group-is-layout-19e250f3 wp-block-group-is-layout-constrained\">\n<div class=\"wp-block-group is-vertical is-content-justification-center is-layout-flex wp-container-core-group-is-layout-6329a8f3 wp-block-group-is-layout-flex\">\n<p class=\"has-text-align-center\"><em>Confira abaixo a rela\u00e7\u00e3o de subtemas:<\/em><\/p>\n<\/div>\n\n\n\n<div style=\"height:var(--wp--preset--spacing--40)\" aria-hidden=\"true\" class=\"wp-block-spacer\"><\/div>\n\n\n\n<div class=\"wp-block-columns alignwide is-layout-flex wp-container-core-columns-is-layout-d1c656ed wp-block-columns-is-layout-flex\">\n<div class=\"wp-block-column is-vertically-aligned-center is-layout-flow wp-block-column-is-layout-flow\" style=\"flex-basis:40%\">\n<h3 class=\"wp-block-heading is-style-default\"><\/h3>\n\n\n\n<ol style=\"line-height:1.75\" class=\"wp-block-list is-style-checkmark-list\">\n<li>G\u00eaneros textuais\/discursivos e letramentos acad\u00eamicos-cient\u00edficos;<\/li>\n\n\n\n<li>G\u00eaneros textuais\/discursivos e letramentos cr\u00edticos;<\/li>\n\n\n\n<li>G\u00eaneros textuais\/discursivos e letramentos para o combate a vulnerabilidades;<\/li>\n\n\n\n<li>G\u00eaneros textuais\/discursivos e desinforma\u00e7\u00e3o;<\/li>\n\n\n\n<li>G\u00eaneros textuais\/discursivos e divulga\u00e7\u00e3o cient\u00edfica;<\/li>\n\n\n\n<li>G\u00eaneros textuais\/discursivos, letramentos e forma\u00e7\u00e3o de professores;<\/li>\n\n\n\n<li>G\u00eaneros textuais\/discursivos e tecnologias digitais;<\/li>\n\n\n\n<li>G\u00eaneros textuais\/discursivos e atividades profissionais;<\/li>\n\n\n\n<li>G\u00eaneros textuais\/discursivos e literatura\/m\u00eddias;<\/li>\n\n\n\n<li>G\u00eaneros textuais\/discursivos e an\u00e1lise lingu\u00edstica e semi\u00f3tica;<\/li>\n\n\n\n<li>G\u00eaneros textuais\/discursivos: metodologias para an\u00e1lise;<\/li>\n\n\n\n<li>G\u00eaneros textuais\/discursivos e abordagens interculturais;<\/li>\n\n\n\n<li>G\u00eaneros textuais\/discursivos e pr\u00e1ticas de linguagem na escola;<\/li>\n\n\n\n<li>G\u00eaneros textuais\/discursivos e produ\u00e7\u00e3o, avalia\u00e7\u00e3o e escolha de livros e materiais did\u00e1ticos.<\/li>\n<\/ol>\n<\/div>\n\n\n\n<div class=\"wp-block-column is-vertically-aligned-center is-layout-flow wp-block-column-is-layout-flow\" style=\"flex-basis:50%\">\n<figure class=\"wp-block-image size-full is-style-rounded is-style-rounded--1\"><img loading=\"lazy\" decoding=\"async\" width=\"1000\" height=\"749\" src=\"https:\/\/xiisiget.gtgeneros.com.br\/wp-content\/uploads\/2023\/12\/shutterstock_1626118645.jpg\" alt=\"\" class=\"wp-image-56\" srcset=\"https:\/\/xiisiget.gtgeneros.com.br\/wp-content\/uploads\/2023\/12\/shutterstock_1626118645.jpg 1000w, https:\/\/xiisiget.gtgeneros.com.br\/wp-content\/uploads\/2023\/12\/shutterstock_1626118645-300x225.jpg 300w, https:\/\/xiisiget.gtgeneros.com.br\/wp-content\/uploads\/2023\/12\/shutterstock_1626118645-768x575.jpg 768w\" sizes=\"auto, (max-width: 1000px) 100vw, 1000px\" \/><\/figure>\n<\/div>\n<\/div>\n<\/div>\n<\/div>\n\n\n\n<h4 class=\"wp-block-heading\"><strong>PROPOSTAS E INSCRI\u00c7\u00d5ES PARA OS SIMP\u00d3SIOS TEM\u00c1TICOS<\/strong><\/h4>\n\n\n\n<p><strong>Normas de formata\u00e7\u00e3o das propostas de Simp\u00f3sio Tem\u00e1tico<\/strong><\/p>\n\n\n\n<p>1. A proposta dever\u00e1 ser enviada em arquivo Word, fonte Times New Roman, corpo 12, espa\u00e7o simples, margens esquerda e direita de 3 cm, inferior e superior de 2,5 cm<\/p>\n\n\n\n<p>2. Organiza\u00e7\u00e3o da proposta: a) indica\u00e7\u00e3o do eixo tem\u00e1tico no qual se insere o simp\u00f3sio em caixa-alta; b) na linha seguinte, t\u00edtulo do simp\u00f3sio em caixa-alta, centralizado; c) na linha seguinte, nome e filia\u00e7\u00e3o acad\u00eamica dos coordenadores; d) duas linhas abaixo, resumo da proposta com o m\u00ednimo de 200 (duzentas) e o m\u00e1ximo de 400 (quatrocentas) palavras; e) na linha seguinte, entre 3 (tr\u00eas) e 5 (cinco) palavras-chave; f) men\u00e7\u00e3o a apoio de ag\u00eancia de fomento, quando for o caso, deve vir ao final do resumo, entre par\u00eanteses, sem refer\u00eancia ao(s) nome(s) do(s) autor(es). Exemplo: (Apoio: CNPq \u2013 Processo 0000-000000-0).<\/p>\n\n\n\n<p>3. Resumo da proposta com no m\u00ednimo 200 e m\u00e1ximo de 400 palavras, 5 palavras-chave.<\/p>\n\n\n\n<p>4. As propostas de simp\u00f3sio come\u00e7am no dia <strong>10\/02\/2024<\/strong> e v\u00e3o at\u00e9 <strong>11\/03\/2024<\/strong>, devendo ser enviadas para o <em>e-mail<\/em> <a href=\"mailto:xiisiget2024@gmail.com\">xiisiget2024@gmail.com<\/a><\/p>\n\n\n\n<div style=\"height:45px\" aria-hidden=\"true\" class=\"wp-block-spacer\"><\/div>\n\n\n\n<p><strong>Institui\u00e7\u00f5es parceiras e apoiadores<\/strong>:<\/p>\n\n\n\n<figure class=\"wp-block-image size-full\"><img loading=\"lazy\" decoding=\"async\" width=\"717\" height=\"515\" src=\"https:\/\/xiisiget.gtgeneros.com.br\/wp-content\/uploads\/2024\/08\/Captura-de-tela-2024-08-01-092638-1.png\" alt=\"\" class=\"wp-image-347\" srcset=\"https:\/\/xiisiget.gtgeneros.com.br\/wp-content\/uploads\/2024\/08\/Captura-de-tela-2024-08-01-092638-1.png 717w, https:\/\/xiisiget.gtgeneros.com.br\/wp-content\/uploads\/2024\/08\/Captura-de-tela-2024-08-01-092638-1-300x215.png 300w, https:\/\/xiisiget.gtgeneros.com.br\/wp-content\/uploads\/2024\/08\/Captura-de-tela-2024-08-01-092638-1-18x12.png 18w\" sizes=\"auto, (max-width: 717px) 100vw, 717px\" \/><\/figure>\n\n\n\n<div style=\"height:var(--wp--preset--spacing--40)\" aria-hidden=\"true\" class=\"wp-block-spacer\"><\/div>\n","protected":false},"excerpt":{"rendered":"<p>ATIVIDADES DO CONGRESSO, DATAS IMPORTANTES E FORMAS DE PARTICIPA\u00c7\u00c3O Al\u00e9m das confer\u00eancias, o evento ser\u00e1 composto de minicursos, mesas-redondas e simp\u00f3sios tem\u00e1ticos, distribu\u00eddos da seguinte forma: Link para inscri\u00e7\u00f5es: https:\/\/www.siget2024.eventos.dype.com.br\/inscricoes\/capa Minicursos: Ministrados por pesquisadores nacionais e internacionais convidados. Mesas-redondas: Compostas por pesquisadores nacionais e internacionais convidados para discutir a tem\u00e1tica central do SIGET. Simp\u00f3sios Tem\u00e1ticos: [&hellip;]<\/p>\n","protected":false},"author":2,"featured_media":103,"parent":0,"menu_order":0,"comment_status":"closed","ping_status":"closed","template":"","meta":{"footnotes":""},"class_list":["post-8","page","type-page","status-publish","has-post-thumbnail","hentry"],"_links":{"self":[{"href":"https:\/\/xiisiget.gtgeneros.com.br\/es\/wp-json\/wp\/v2\/pages\/8","targetHints":{"allow":["GET"]}}],"collection":[{"href":"https:\/\/xiisiget.gtgeneros.com.br\/es\/wp-json\/wp\/v2\/pages"}],"about":[{"href":"https:\/\/xiisiget.gtgeneros.com.br\/es\/wp-json\/wp\/v2\/types\/page"}],"author":[{"embeddable":true,"href":"https:\/\/xiisiget.gtgeneros.com.br\/es\/wp-json\/wp\/v2\/users\/2"}],"replies":[{"embeddable":true,"href":"https:\/\/xiisiget.gtgeneros.com.br\/es\/wp-json\/wp\/v2\/comments?post=8"}],"version-history":[{"count":33,"href":"https:\/\/xiisiget.gtgeneros.com.br\/es\/wp-json\/wp\/v2\/pages\/8\/revisions"}],"predecessor-version":[{"id":385,"href":"https:\/\/xiisiget.gtgeneros.com.br\/es\/wp-json\/wp\/v2\/pages\/8\/revisions\/385"}],"wp:featuredmedia":[{"embeddable":true,"href":"https:\/\/xiisiget.gtgeneros.com.br\/es\/wp-json\/wp\/v2\/media\/103"}],"wp:attachment":[{"href":"https:\/\/xiisiget.gtgeneros.com.br\/es\/wp-json\/wp\/v2\/media?parent=8"}],"curies":[{"name":"wp","href":"https:\/\/api.w.org\/{rel}","templated":true}]}}