{"id":58,"date":"2023-12-19T15:17:48","date_gmt":"2023-12-19T18:17:48","guid":{"rendered":"https:\/\/xiisiget.gtgeneros.com.br\/?page_id=58"},"modified":"2024-10-16T21:17:32","modified_gmt":"2024-10-17T00:17:32","slug":"organizacao","status":"publish","type":"page","link":"https:\/\/xiisiget.gtgeneros.com.br\/es\/organizacao\/","title":{"rendered":"Organizaci\u00f3n"},"content":{"rendered":"<p><strong>Institui\u00e7\u00f5es parceiras e apoiadores<\/strong>:<\/p>\n\n\n\n<div class=\"wp-block-group has-global-padding is-layout-constrained wp-block-group-is-layout-constrained\">\n<div class=\"wp-block-columns is-layout-flex wp-container-core-columns-is-layout-28f84493 wp-block-columns-is-layout-flex\">\n<div class=\"wp-block-column is-layout-flow wp-block-column-is-layout-flow\" style=\"flex-basis:100%\">\n<figure class=\"wp-block-image size-full is-resized\"><img loading=\"lazy\" decoding=\"async\" width=\"717\" height=\"515\" src=\"https:\/\/xiisiget.gtgeneros.com.br\/wp-content\/uploads\/2024\/08\/Captura-de-tela-2024-08-01-092638.png\" alt=\"\" class=\"wp-image-345\" style=\"width:620px;height:auto\" srcset=\"https:\/\/xiisiget.gtgeneros.com.br\/wp-content\/uploads\/2024\/08\/Captura-de-tela-2024-08-01-092638.png 717w, https:\/\/xiisiget.gtgeneros.com.br\/wp-content\/uploads\/2024\/08\/Captura-de-tela-2024-08-01-092638-300x215.png 300w, https:\/\/xiisiget.gtgeneros.com.br\/wp-content\/uploads\/2024\/08\/Captura-de-tela-2024-08-01-092638-18x12.png 18w\" sizes=\"auto, (max-width: 717px) 100vw, 717px\" \/><\/figure>\n<\/div>\n<\/div>\n<\/div>\n\n\n\n<div class=\"wp-block-group alignwide has-global-padding is-layout-constrained wp-container-core-group-is-layout-19e250f3 wp-block-group-is-layout-constrained\">\n<div style=\"height:36px\" aria-hidden=\"true\" class=\"wp-block-spacer\"><\/div>\n\n\n\n<div class=\"wp-block-columns alignfull are-vertically-aligned-top is-layout-flex wp-container-core-columns-is-layout-d1c656ed wp-block-columns-is-layout-flex\">\n<div class=\"wp-block-column is-vertically-aligned-top is-layout-flow wp-block-column-is-layout-flow\" style=\"flex-basis:40%\">\n<h3 class=\"wp-block-heading is-style-default\"><mark style=\"background-color:rgba(0, 0, 0, 0)\" class=\"has-inline-color has-contrast-color\"><strong>Coordinaci\u00f3n general<\/strong><\/mark><\/h3>\n\n\n\n<ul style=\"line-height:1.75\" class=\"wp-block-list is-style-checkmark-list\">\n<li>Daniella Dias Lopes Ign\u00e1cio Rodrigues (PUC Minas)<\/li>\n\n\n\n<li>Filipe Almeida Gomes (PUC Minas)<\/li>\n\n\n\n<li>Juliana Alves Assis (PUC Minas)<\/li>\n\n\n\n<li>Maria Aparecida Resende Ottoni (UFU)<\/li>\n\n\n\n<li>Mauriceia Silva de Paula Vieira (UFLA)<\/li>\n<\/ul>\n<\/div>\n\n\n\n<div class=\"wp-block-column is-vertically-aligned-top is-layout-flow wp-block-column-is-layout-flow\" style=\"flex-basis:50%\">\n<h3 class=\"wp-block-heading\"><strong>Coordinaci\u00f3n nacional<\/strong><\/h3>\n\n\n\n<ul style=\"line-height:1.75\" class=\"wp-block-list is-style-checkmark-list\">\n<li>Regina Celi Mendes Pereira (UFPB)<\/li>\n\n\n\n<li>Juliana Alves Assis (PUC Minas)<\/li>\n<\/ul>\n<\/div>\n<\/div>\n\n\n\n<div style=\"height:var(--wp--preset--spacing--40)\" aria-hidden=\"true\" class=\"wp-block-spacer\"><\/div>\n\n\n\n<div class=\"wp-block-columns alignfull is-layout-flex wp-container-core-columns-is-layout-d1c656ed wp-block-columns-is-layout-flex\">\n<div class=\"wp-block-column is-layout-flow wp-block-column-is-layout-flow\">\n<h3 class=\"wp-block-heading\"><strong>Comit\u00e9 Organizador Local<\/strong><\/h3>\n\n\n\n<ul style=\"line-height:1.75\" class=\"wp-block-list is-style-checkmark-list\">\n<li>Acir M\u00e1rio Karwoski (UFTM)<\/li>\n\n\n\n<li>Ada M. Matias Brasileiro (UFOP)<\/li>\n\n\n\n<li>Alex Sandro Martoni&nbsp; (PUC Minas)<\/li>\n\n\n\n<li>Anelise Scotti Scherer (UFMG)<\/li>\n\n\n\n<li>Dedilene Alves de Jesus Oliveira (UFV)<\/li>\n\n\n\n<li>Elzimar Goettenauer de Marins Costa (UFMG)<\/li>\n\n\n\n<li>Ev\u2019\u00c2ngela Batista Rodrigues de Barros (PUC Minas)<\/li>\n\n\n\n<li>Helena Maria Ferreira (UFLA)<\/li>\n\n\n\n<li>Jane Quintiliano Guimar\u00e3es Silva (PUC Minas)<\/li>\n\n\n\n<li>Josiane Andrade Milit\u00e3o (PUC Minas)<\/li>\n\n\n\n<li>Laura Silveira Botelho (UFSJ)<\/li>\n\n\n\n<li>Maria Angela Paulino Teixeira Lopes (PUC Minas)<\/li>\n\n\n\n<li>Mar\u00edlia de Carvalho Caetano Oliveira (UFSJ)<\/li>\n\n\n\n<li>Mauriceia Silva de Paula Vieira (UFLA)<\/li>\n\n\n\n<li>Marco Villarta-Neder (UFLA)<\/li>\n\n\n\n<li>Marta Cristina da Silva (UFJF)<\/li>\n\n\n\n<li>Raquel Beatriz Junqueira Guimar\u00e3es (PUC Minas)<\/li>\n\n\n\n<li>Robson Figueiredo Brito (PUC Minas)<\/li>\n\n\n\n<li>Sandra Maria Silva Cavalcante (PUC Minas)<\/li>\n\n\n\n<li>Simone Maria Dantas Longhi (UFV) <\/li>\n\n\n\n<li>T\u00e2nia Guedes Magalh\u00e3es (UFJF)<\/li>\n\n\n\n<li>Vera Lopes da Silva (PUC Minas)<\/li>\n\n\n\n<li>Viviane Raposo Pimenta (UFOP)<\/li>\n<\/ul>\n\n\n\n<p><\/p>\n\n\n\n<p><\/p>\n<\/div>\n\n\n\n<div class=\"wp-block-column is-layout-flow wp-block-column-is-layout-flow\">\n<h3 class=\"wp-block-heading\"><strong>Comit\u00e9 Cient\u00edfico Nacional e Internacional<\/strong><\/h3>\n\n\n\n<ul style=\"line-height:1.75\" class=\"wp-block-list is-style-checkmark-list\">\n<li>Adair Bonini (UFSC)<\/li>\n\n\n\n<li>Adair Vieria Gon\u00e7alves (UFGD)<\/li>\n\n\n\n<li>Adilson Ribeiro de Oliveira (IFMG)<\/li>\n\n\n\n<li>Adriana Fischer (FURB)<\/li>\n\n\n\n<li>Amanda Cavalcante de Oliveira L\u00eado (UPE)<\/li>\n\n\n\n<li>Ana Paula Marques Beato-Canato (UFPR)<\/li>\n\n\n\n<li>Anass El Gousairi (Universit\u00e9 Mohammed V de Rabat, Marrocos)<\/li>\n\n\n\n<li>Anderson Carnin (UNICAMP)<\/li>\n\n\n\n<li>Ana Maria de Mattos Guimar\u00e3es (UFRGS)<\/li>\n\n\n\n<li>\u00c2ngela Francine Fuza (UFT)<\/li>\n\n\n\n<li>Antonia Dilamar Ara\u00fajo (UECE)<\/li>\n\n\n\n<li>B\u00e1rbara Ol\u00edmpia Ramos de Melo (UESPI)<\/li>\n\n\n\n<li>Benedito Gomes Bezerra (UPE\/UNICAP)<\/li>\n\n\n\n<li>Charles Bazerman (University of California Santa B\u00e1rbara, USA)<\/li>\n\n\n\n<li>C\u00edcero da Silva (UFT)<\/li>\n\n\n\n<li>Cynthia Agra de Brito Neves (UNICAMP)<\/li>\n\n\n\n<li>Eliana Merlin Deganutti de Barros (UEMP)<\/li>\n\n\n\n<li>Eliane Lousada (USP)<\/li>\n\n\n\n<li>Elvira Lopes Nascimento (UEL)<\/li>\n\n\n\n<li>Eul\u00e1lia Vera L\u00facia Fraga Leurquin (UFC)<\/li>\n\n\n\n<li>Fabiana Komesu (UNESP)<\/li>\n\n\n\n<li>Flor\u00eancia Miranda (Universidad Nacional de Rosario, Argentina)<\/li>\n\n\n\n<li>Francieli Matzenbacher Pinton (UFSM)<\/li>\n\n\n\n<li>Francisco Alves Filho (UFPI)<\/li>\n\n\n\n<li>Graciela Rabuske Hendges (UFSM)<\/li>\n\n\n\n<li>Jacqueline Peixoto Barbosa (UNICAMP)<\/li>\n\n\n\n<li>Jos\u00e9 Ribamar Lopes Batista J\u00fanior (CTF\/UFPI)<\/li>\n\n\n\n<li>Karin Adriane Henschel Pobbe Ramos (UNESP)<\/li>\n\n\n\n<li>Kariny Cristina Souza (UEMG)<\/li>\n\n\n\n<li>Kelly Cristiane Henschel Pobbe de Carvalho (UNESP)<\/li>\n\n\n\n<li>Lidia Stutz (UNICENTRO)<\/li>\n\n\n\n<li>L\u00edlia Santos Abreu-Tardelli (UNESP)<\/li>\n\n\n\n<li>Luzia Bueno (USF)<\/li>\n\n\n\n<li>M\u00e1rcia Rodrigues de Souza Mendon\u00e7a (UNICAMP)<\/li>\n\n\n\n<li>Maria Ester Moritz (UFSC)<\/li>\n\n\n\n<li>Maria Izabel Rodrigues Tognato (UNESPAR)<\/li>\n\n\n\n<li>Maria do Socorro Oliveira (UFRN)<\/li>\n\n\n\n<li>Maria Izabel Rodrigues Tognato (UNESPAR)<\/li>\n\n\n\n<li>Marie-Christine Pollet (ULB, B\u00e9lgica)<\/li>\n\n\n\n<li>Mar\u00edlia Mendes Ferreira (USP)<\/li>\n\n\n\n<li>M\u00f4nica Macedo-Rouet (CY Cergy Paris Universit\u00e9, Fran\u00e7a)<\/li>\n\n\n\n<li>N\u00edvea Rohling (UFTPR)<\/li>\n\n\n\n<li>Patr\u00edcia Marcuzzo (UFSM)<\/li>\n\n\n\n<li>Ren\u00e9 Venegas (Pontificia Universidad Cat\u00f3lica de Chile)<\/li>\n\n\n\n<li>Richard Brunel Matias (Universidad Nacional de C\u00f3rdoba, Argentina)<\/li>\n\n\n\n<li>Rodrigo Acosta Pereira (UFSC)<\/li>\n\n\n\n<li>Ros\u00e2ngela Hammes Rodrigues (UFSC)<\/li>\n\n\n\n<li>Sibely Oliveira Silva (UFLA)<\/li>\n\n\n\n<li>Solange Aranha (UNESP)<\/li>\n\n\n\n<li>Terezinha Costa Hubes (UNIOESTE)<\/li>\n\n\n\n<li>Vera L\u00facia Lopes Cristov\u00e3o (UEL)<\/li>\n\n\n\n<li>Vera L\u00facia Pires (UFSM)<\/li>\n\n\n\n<li>Viviane Maria Heberle (UFSC)<\/li>\n\n\n\n<li>Youssef El Houdna (Universit\u00e9 Ibn Tofail-K\u00e9nitra, Marrocos)<\/li>\n<\/ul>\n<\/div>\n<\/div>\n<\/div>","protected":false},"excerpt":{"rendered":"<p>Institui\u00e7\u00f5es parceiras e apoiadores: Coordena\u00e7\u00e3o geral Coordena\u00e7\u00e3o Nacional Comiss\u00e3o Organizadora local Comit\u00ea Cient\u00edfico Nacional e Internacional<\/p>","protected":false},"author":2,"featured_media":114,"parent":0,"menu_order":0,"comment_status":"closed","ping_status":"closed","template":"","meta":{"footnotes":""},"class_list":["post-58","page","type-page","status-publish","has-post-thumbnail","hentry"],"_links":{"self":[{"href":"https:\/\/xiisiget.gtgeneros.com.br\/es\/wp-json\/wp\/v2\/pages\/58","targetHints":{"allow":["GET"]}}],"collection":[{"href":"https:\/\/xiisiget.gtgeneros.com.br\/es\/wp-json\/wp\/v2\/pages"}],"about":[{"href":"https:\/\/xiisiget.gtgeneros.com.br\/es\/wp-json\/wp\/v2\/types\/page"}],"author":[{"embeddable":true,"href":"https:\/\/xiisiget.gtgeneros.com.br\/es\/wp-json\/wp\/v2\/users\/2"}],"replies":[{"embeddable":true,"href":"https:\/\/xiisiget.gtgeneros.com.br\/es\/wp-json\/wp\/v2\/comments?post=58"}],"version-history":[{"count":26,"href":"https:\/\/xiisiget.gtgeneros.com.br\/es\/wp-json\/wp\/v2\/pages\/58\/revisions"}],"predecessor-version":[{"id":388,"href":"https:\/\/xiisiget.gtgeneros.com.br\/es\/wp-json\/wp\/v2\/pages\/58\/revisions\/388"}],"wp:featuredmedia":[{"embeddable":true,"href":"https:\/\/xiisiget.gtgeneros.com.br\/es\/wp-json\/wp\/v2\/media\/114"}],"wp:attachment":[{"href":"https:\/\/xiisiget.gtgeneros.com.br\/es\/wp-json\/wp\/v2\/media?parent=58"}],"curies":[{"name":"wp","href":"https:\/\/api.w.org\/{rel}","templated":true}]}}