{"id":37,"date":"2023-12-05T16:30:32","date_gmt":"2023-12-05T19:30:32","guid":{"rendered":"https:\/\/xiisiget.gtgeneros.com.br\/?page_id=37"},"modified":"2024-11-18T23:24:39","modified_gmt":"2024-11-19T02:24:39","slug":"noticias","status":"publish","type":"page","link":"https:\/\/xiisiget.gtgeneros.com.br\/en\/noticias\/","title":{"rendered":"News"},"content":{"rendered":"<p><\/p>\n\n\n\n<p><strong>Prezados(as) participantes do XII SIGET,<\/strong><\/p>\n\n\n\n<p>Sejam bem-vindos(as) \u00e0 PUC Minas.<\/p>\n\n\n\n<p>Informamos que o Teatro Jo\u00e3o Paulo II (pr\u00e9dio 30), onde ocorrer\u00e3o a Mesa de Abertura, as demais Mesas e as Confer\u00eancias do Evento, possui 410 lugares. Assim, de forma a garantir conforto a todos(as) os(as) participantes nessas atividades, faremos a transmiss\u00e3o simult\u00e2nea de cada uma delas para o Audit\u00f3rio 3 do pr\u00e9dio 43 e, se for necess\u00e1rio, tamb\u00e9m para o Audit\u00f3rio 2 (pr\u00e9dio 5).<\/p>\n\n\n\n<p>Contamos com a compreens\u00e3o de todos(as) voc\u00eas.<\/p>\n\n\n\n<p>Comiss\u00e3o Organizadora do XII SIGET<\/p>\n\n\n\n<div class=\"wp-block-query is-layout-flow wp-block-query-is-layout-flow\"><ul class=\"wp-block-post-template is-layout-flow wp-block-post-template-is-layout-flow\"><li class=\"wp-block-post post-369 post type-post status-publish format-standard hentry category-blog\">\n<h2 class=\"wp-block-post-title\"><a href=\"https:\/\/xiisiget.gtgeneros.com.br\/en\/blog\/relacao-de-minicursos-para-inscricao\/\" target=\"_self\" >Rela\u00e7\u00e3o de minicursos para inscri\u00e7\u00e3o<\/a><\/h2>\n\n<div class=\"wp-block-post-excerpt\"><p class=\"wp-block-post-excerpt__excerpt\">Confira no link abaixo a lista de minicursos para inscri\u00e7\u00e3o (apenas para o participantes do XII SIGET j\u00e1 inscritos).<\/p><p class=\"wp-block-post-excerpt__more-text\"><a class=\"wp-block-post-excerpt__more-link\" href=\"https:\/\/xiisiget.gtgeneros.com.br\/en\/blog\/relacao-de-minicursos-para-inscricao\/\">read more...<\/a><\/p><\/div>\n\n\n<hr class=\"wp-block-separator has-css-opacity\"\/>\n\n\n<div class=\"wp-block-post-date\"><time datetime=\"2024-08-10T15:27:27-03:00\">10 de August de 2024<\/time><\/div>\n<\/li><li class=\"wp-block-post post-234 post type-post status-publish format-standard hentry category-blog\">\n<h2 class=\"wp-block-post-title\"><a href=\"https:\/\/xiisiget.gtgeneros.com.br\/en\/blog\/confira-a-relacao-de-simposios-tematicos-do-xii-siget\/\" target=\"_self\" >Rela\u00e7\u00e3o de Simp\u00f3sios Tem\u00e1ticos<\/a><\/h2>\n\n<div class=\"wp-block-post-excerpt\"><p class=\"wp-block-post-excerpt__excerpt\">Confira abaixo rela\u00e7\u00e3o de Simp\u00f3sio Tem\u00e1ticos do XII SIGET. Simp\u00f3sios Tem\u00e1ticos ST 01 | A orienta\u00e7\u00e3o acad\u00eamica de g\u00eaneros textuais\/discursivos como trabalho pedag\u00f3gicoJ\u00e9ssica do Nascimento Rodrigues (UFF)Marcela Tavares de Mello (UFJF; FAETERJ)Camila Duarte de Souza (SME \u2013 Duque de Caxias\/RJ)\u00a0\u00a0 ST 02 | A processualidade na escrita acad\u00eamica em g\u00eaneros e abordagens te\u00f3ricasFabiana Esteves Neves<\/p><p class=\"wp-block-post-excerpt__more-text\"><a class=\"wp-block-post-excerpt__more-link\" href=\"https:\/\/xiisiget.gtgeneros.com.br\/en\/blog\/confira-a-relacao-de-simposios-tematicos-do-xii-siget\/\">read more...<\/a><\/p><\/div>\n\n\n<hr class=\"wp-block-separator has-css-opacity\"\/>\n\n\n<div class=\"wp-block-post-date\"><time datetime=\"2024-04-19T09:39:23-03:00\">19 de April de 2024<\/time><\/div>\n<\/li><li class=\"wp-block-post post-1 post type-post status-publish format-standard hentry category-blog\">\n<h2 class=\"wp-block-post-title\"><a href=\"https:\/\/xiisiget.gtgeneros.com.br\/en\/blog\/bem-vindos\/\" target=\"_self\" >Welcome to XII SIGET 2024<\/a><\/h2>\n\n<div class=\"wp-block-post-excerpt\"><p class=\"wp-block-post-excerpt__excerpt\">Em breve ser\u00e1 divulgada a Programa\u00e7\u00e3o completa do SIGET 2024. Por ora, fique atento \u00e0s datas importantes.<\/p><p class=\"wp-block-post-excerpt__more-text\"><a class=\"wp-block-post-excerpt__more-link\" href=\"https:\/\/xiisiget.gtgeneros.com.br\/en\/blog\/bem-vindos\/\">read more...<\/a><\/p><\/div>\n\n\n<hr class=\"wp-block-separator has-css-opacity\"\/>\n\n\n<div class=\"wp-block-post-date\"><time datetime=\"2023-11-27T23:15:11-03:00\">27 de November de 2023<\/time><\/div>\n<\/li><\/ul><\/div>","protected":false},"excerpt":{"rendered":"<p>Prezados(as) participantes do XII SIGET, Sejam bem-vindos(as) \u00e0 PUC Minas. Informamos que o Teatro Jo\u00e3o Paulo II (pr\u00e9dio 30), onde ocorrer\u00e3o a Mesa de Abertura, as demais Mesas e as Confer\u00eancias do Evento, possui 410 lugares. Assim, de forma a garantir conforto a todos(as) os(as) participantes nessas atividades, faremos a transmiss\u00e3o simult\u00e2nea de cada uma [&hellip;]<\/p>\n","protected":false},"author":2,"featured_media":139,"parent":0,"menu_order":0,"comment_status":"closed","ping_status":"closed","template":"","meta":{"footnotes":""},"class_list":["post-37","page","type-page","status-publish","has-post-thumbnail","hentry"],"_links":{"self":[{"href":"https:\/\/xiisiget.gtgeneros.com.br\/en\/wp-json\/wp\/v2\/pages\/37","targetHints":{"allow":["GET"]}}],"collection":[{"href":"https:\/\/xiisiget.gtgeneros.com.br\/en\/wp-json\/wp\/v2\/pages"}],"about":[{"href":"https:\/\/xiisiget.gtgeneros.com.br\/en\/wp-json\/wp\/v2\/types\/page"}],"author":[{"embeddable":true,"href":"https:\/\/xiisiget.gtgeneros.com.br\/en\/wp-json\/wp\/v2\/users\/2"}],"replies":[{"embeddable":true,"href":"https:\/\/xiisiget.gtgeneros.com.br\/en\/wp-json\/wp\/v2\/comments?post=37"}],"version-history":[{"count":10,"href":"https:\/\/xiisiget.gtgeneros.com.br\/en\/wp-json\/wp\/v2\/pages\/37\/revisions"}],"predecessor-version":[{"id":395,"href":"https:\/\/xiisiget.gtgeneros.com.br\/en\/wp-json\/wp\/v2\/pages\/37\/revisions\/395"}],"wp:featuredmedia":[{"embeddable":true,"href":"https:\/\/xiisiget.gtgeneros.com.br\/en\/wp-json\/wp\/v2\/media\/139"}],"wp:attachment":[{"href":"https:\/\/xiisiget.gtgeneros.com.br\/en\/wp-json\/wp\/v2\/media?parent=37"}],"curies":[{"name":"wp","href":"https:\/\/api.w.org\/{rel}","templated":true}]}}