{"id":276,"date":"2024-04-26T09:00:30","date_gmt":"2024-04-26T12:00:30","guid":{"rendered":"https:\/\/xiisiget.gtgeneros.com.br\/?page_id=276"},"modified":"2024-10-17T13:46:46","modified_gmt":"2024-10-17T16:46:46","slug":"hoteis","status":"publish","type":"page","link":"https:\/\/xiisiget.gtgeneros.com.br\/en\/hoteis\/","title":{"rendered":"Hot\u00e9is e Turismo"},"content":{"rendered":"<div class=\"wp-block-columns is-layout-flex wp-container-core-columns-is-layout-28f84493 wp-block-columns-is-layout-flex\">\n<div class=\"wp-block-column is-layout-flow wp-block-column-is-layout-flow\">\n<figure class=\"wp-block-table\"><table><tbody><tr><td><strong>SAN DIEGO SU\u00cdTES LOURDES<\/strong><br>Av. \u00c1lvares Cabral, 1181 &#8211; Lourdes<br><br><strong><em>Site<\/em> do Hotel:<\/strong> <a href=\"https:\/\/sandiegohoteis.com.br\/san-diego-suites-lourdes\/\">Clique aqui<\/a><br><br><strong>Reservas<\/strong><br>Via e-<em>mail<\/em> utilizando c\u00f3digo XIISIGET<br><em>E-mail<\/em>: reservas.bh@sandiegohoteis.com.br<br><br><strong>Tarifas<\/strong><br>Single: R$ 349,00<br>Duplo: R$ 389,00<\/td><td><strong>RADISSON BLU BELO HORIZONTE SAVASSI<\/strong><br>R. Lavras, 150 &#8211; S\u00e3o Pedro<br><br><strong><em>Site<\/em> do Hotel:<\/strong> <a href=\"https:\/\/www.reserveatlantica.com.br\/hotel\/radisson-blu-belo-horizonte-savassi?utm_source=gmb&amp;utm_medium=organic&amp;utm_campaign=google-my-business\">Clique aqui<\/a><br><br><strong>Reservas<\/strong><br>Via <em>e-mail<\/em> utilizando c\u00f3digo XIISIGET<br><em>E-mail<\/em>: reservas.rbhl@ahi.com.br<br><br><strong>Tarifas<\/strong><br>Single: R$ 900,00<br>Duplo: R$ 980,00<\/td><td><strong>HOTEL MAX SAVASSI<\/strong><br>R. Ant\u00f4nio de Albuquerque, 335 &#8211; Savassi<br><br><strong><em>Site<\/em> do Hotel:<\/strong> <a href=\"https:\/\/maxsavassi.com.br\">Clique aqui<\/a><br><br><strong>Reservas<\/strong><br>Via <em>e-mail<\/em> utilizando c\u00f3digo XIISIGET<br><em>E-mail<\/em>: reservas@maxsavassi.com.br<br><br><strong>Tarifas<\/strong><br>Single: R$ 344,00<br>Duplo: R$ 412,00<br>Triplo: R$ 494,00<\/td><\/tr><tr><td><strong>ESUITES SAVASSI TOSCANINI<\/strong><br>R. Arturo Toscanini, 61 &#8211; Santo Ant\u00f4nio<br><br><strong><em>Site<\/em> do Hotel<\/strong>: <a href=\"https:\/\/esuitessavassitoscanini.com-website.com\/pt\/\">Clique aqui<\/a><br><br><strong>Reservas<\/strong><br>Via <em>e-mail<\/em> utilizando c\u00f3digo XIISIGET<br><em>E-mail<\/em>: reservas.esst@ahi.com.br<br><br><strong>Tarifas<\/strong><br>Single: R$ 630,00<br>Duplo: R$ 680,00<\/td><td><strong>HILTON GARDEN INN BH<\/strong><br>Av. Prudente de Morais, 520 &#8211; Cidade Jardim<br><br><strong><em>Site<\/em> do Hotel<\/strong>: <a href=\"https:\/\/www.hilton.com\/pt\/hotels\/bhzbrgi-hilton-garden-inn-belo-horizonte\/\">Clique aqui<\/a><br><br><strong>Reservas<\/strong><br>Via <em>e-mail<\/em> utilizando c\u00f3digo XIISIGET<br><em>E-mail<\/em>: reservas.hgbh@ahi.com.br<br><br><strong>Tarifas<\/strong><br>Single: R$ 600,00<br>Duplo: R$ 650,00<\/td><td><strong>HOLIDAY INN<\/strong><br>Rua Professor Moraes, 600 &#8211; Funcion\u00e1rios<br><strong><em>Site<\/em> do Hotel<\/strong>: <a href=\"https:\/\/holiday-inn-savassi.belohorizontehotels.net\/pt\/\">Clique aqui<\/a><br><br><strong>Reservas<\/strong><br>Via <em>e-mail<\/em> utilizando c\u00f3digo XIISIGET<br><em>E-mail<\/em>: reservas.bhz@ihg.com<br><br><strong>Tarifas<\/strong><br>Single: R$ 409,00<br>Duplo: R$ 489,00<\/td><\/tr><tr><td><strong>IMPAR SUITS EXPOMINAS<\/strong><br>R. Campos Sales, 664 &#8211; Nova Su\u00ed\u00e7a<br><br><strong><em>Site<\/em> do Hotel<\/strong>: <a href=\"https:\/\/www.imparhoteis.com.br\/\">Clique aqui<\/a><br><br><strong>Reservas<\/strong><br>Via <em>site<\/em> utilizando o c\u00f3digo MHB<br>Desconto de 20% sobre tarifa do dia<\/td><td><strong>HOTEL BH CONVENTION EXPOMINAS<\/strong><br>Av. Amazonas, 5110 &#8211; Nova Su\u00ed\u00e7a<br><br><strong><em>Site<\/em> do Hotel<\/strong>: <a href=\"https:\/\/www.hotelbeagaconvention.com.br\/\">Clique aqui<\/a><br><br><strong>Reservas<\/strong><br>Via <em>site<\/em> utilizando o c\u00f3digo MHB<br>Desconto de 20% sobre tarifa do dia<\/td><td><strong>TRANSAM\u00c9RICA LOURDES<\/strong><br>Av. \u00c1lvares Cabral, 967 &#8211; Lourdes<br><br><strong><em>Site<\/em> do Hotel:<\/strong> <a href=\"https:\/\/atlantica.letsbook.com.br\/d\/publiclink?r=db44dbe2efaa4464abfb8c2acf5795b2&amp;p=XIISIGET\">Clique aqui<\/a><br><br><strong>Reservas<\/strong><br>Via <em>site<\/em> utilizando o c\u00f3digo XIISIGET<br>Desconto de 15% sobre tarifa do dia<\/td><\/tr><\/tbody><\/table><\/figure>\n\n\n\n<h2 class=\"wp-block-heading\">Turismo<\/h2>\n\n\n\n<ul class=\"wp-block-list\">\n<li><a href=\"https:\/\/www.guiabh.com.br\/programacao\/circuito-cultural-praca-da-liberdade\">https:\/\/www.guiabh.com.br\/programacao\/circuito-cultural-praca-da-liberdade<\/a><\/li>\n\n\n\n<li><a href=\"https:\/\/www.guiabh.com.br\/turismo\/inhotim\">https:\/\/www.guiabh.com.br\/turismo\/inhotim<\/a><\/li>\n\n\n\n<li><a href=\"https:\/\/www.guiabh.com.br\/estabelecimento\/ouro-preto\">https:\/\/www.guiabh.com.br\/estabelecimento\/ouro-preto<\/a><\/li>\n\n\n\n<li><a href=\"https:\/\/www.guiabh.com.br\/programacao\/igreja-da-pampulha\">https:\/\/www.guiabh.com.br\/programacao\/igreja-da-pampulha<\/a><\/li>\n\n\n\n<li><a href=\"https:\/\/www.guiabh.com.br\/gastronomia\/circuito-dos-mercados\">https:\/\/www.guiabh.com.br\/gastronomia\/circuito-dos-mercados<\/a><\/li>\n<\/ul>\n<\/div>\n<\/div>\n\n\n\n<p><\/p>","protected":false},"excerpt":{"rendered":"<p>SAN DIEGO SU\u00cdTES LOURDESAv. \u00c1lvares Cabral, 1181 &#8211; Lourdes Site do Hotel: Clique aqui ReservasVia e-mail utilizando c\u00f3digo XIISIGETE-mail: reservas.bh@sandiegohoteis.com.br TarifasSingle: R$ 349,00Duplo: R$ 389,00 RADISSON BLU BELO HORIZONTE SAVASSIR. Lavras, 150 &#8211; S\u00e3o Pedro Site do Hotel: Clique aqui ReservasVia e-mail utilizando c\u00f3digo XIISIGETE-mail: reservas.rbhl@ahi.com.br TarifasSingle: R$ 900,00Duplo: R$ 980,00 HOTEL MAX SAVASSIR. Ant\u00f4nio [&hellip;]<\/p>\n","protected":false},"author":2,"featured_media":0,"parent":0,"menu_order":0,"comment_status":"closed","ping_status":"closed","template":"","meta":{"footnotes":""},"class_list":["post-276","page","type-page","status-publish","hentry"],"_links":{"self":[{"href":"https:\/\/xiisiget.gtgeneros.com.br\/en\/wp-json\/wp\/v2\/pages\/276","targetHints":{"allow":["GET"]}}],"collection":[{"href":"https:\/\/xiisiget.gtgeneros.com.br\/en\/wp-json\/wp\/v2\/pages"}],"about":[{"href":"https:\/\/xiisiget.gtgeneros.com.br\/en\/wp-json\/wp\/v2\/types\/page"}],"author":[{"embeddable":true,"href":"https:\/\/xiisiget.gtgeneros.com.br\/en\/wp-json\/wp\/v2\/users\/2"}],"replies":[{"embeddable":true,"href":"https:\/\/xiisiget.gtgeneros.com.br\/en\/wp-json\/wp\/v2\/comments?post=276"}],"version-history":[{"count":4,"href":"https:\/\/xiisiget.gtgeneros.com.br\/en\/wp-json\/wp\/v2\/pages\/276\/revisions"}],"predecessor-version":[{"id":392,"href":"https:\/\/xiisiget.gtgeneros.com.br\/en\/wp-json\/wp\/v2\/pages\/276\/revisions\/392"}],"wp:attachment":[{"href":"https:\/\/xiisiget.gtgeneros.com.br\/en\/wp-json\/wp\/v2\/media?parent=276"}],"curies":[{"name":"wp","href":"https:\/\/api.w.org\/{rel}","templated":true}]}}